{"id":740,"date":"2026-01-07T11:14:35","date_gmt":"2026-01-07T09:14:35","guid":{"rendered":"http:\/\/okamoto-europe.de\/?page_id=740"},"modified":"2026-01-19T14:03:49","modified_gmt":"2026-01-19T12:03:49","slug":"news-events","status":"publish","type":"page","link":"https:\/\/okamoto-europe.de\/es\/news-events\/","title":{"rendered":"Noticias y eventos"},"content":{"rendered":"\t\t<div data-elementor-type=\"wp-page\" data-elementor-id=\"740\" class=\"elementor elementor-740\" data-elementor-post-type=\"page\">\n\t\t\t\t<div class=\"elementor-element elementor-element-0d4a871 e-flex e-con-boxed e-con e-parent\" data-id=\"0d4a871\" data-element_type=\"container\" data-settings=\"{&quot;background_background&quot;:&quot;classic&quot;,&quot;background_motion_fx_motion_fx_scrolling&quot;:&quot;yes&quot;,&quot;background_motion_fx_translateY_effect&quot;:&quot;yes&quot;,&quot;background_motion_fx_translateY_speed&quot;:{&quot;unit&quot;:&quot;px&quot;,&quot;size&quot;:8.0999999999999996,&quot;sizes&quot;:[]},&quot;background_motion_fx_translateY_affectedRange&quot;:{&quot;unit&quot;:&quot;%&quot;,&quot;size&quot;:&quot;&quot;,&quot;sizes&quot;:{&quot;start&quot;:10,&quot;end&quot;:90}},&quot;background_motion_fx_devices&quot;:[&quot;desktop&quot;,&quot;tablet&quot;,&quot;mobile&quot;]}\">\n\t\t\t\t\t<div class=\"e-con-inner\">\n\t\t\t\t<div class=\"elementor-element elementor-element-168ef15 elementor-widget elementor-widget-heading\" data-id=\"168ef15\" data-element_type=\"widget\" data-widget_type=\"heading.default\">\n\t\t\t\t\t<h1 class=\"elementor-heading-title elementor-size-default\">News &amp; Events<\/h1>\t\t\t\t<\/div>\n\t\t\t\t\t<\/div>\n\t\t\t\t<\/div>\n\t\t<div class=\"elementor-element elementor-element-1f56474 e-flex e-con-boxed e-con e-parent\" data-id=\"1f56474\" data-element_type=\"container\">\n\t\t\t\t\t<div class=\"e-con-inner\">\n\t\t\t\t<div class=\"elementor-element elementor-element-e7ecc47 elementor-widget elementor-widget-text-editor\" data-id=\"e7ecc47\" data-element_type=\"widget\" data-widget_type=\"text-editor.default\">\n\t\t\t\t\t\t\t\t\t<p data-start=\"520\" data-end=\"718\"><strong>Explore the latest innovations in CNC grinding. From high-precision machine solutions to cutting-edge technologies and industry updates, stay connected to the future of surface and profile grinding.<\/strong><\/p>\t\t\t\t\t\t\t\t<\/div>\n\t\t\t\t<div class=\"elementor-element elementor-element-3e49332 elementor-grid-4 elementor-grid-tablet-2 elementor-grid-mobile-1 elementor-posts--thumbnail-top elementor-widget elementor-widget-posts\" data-id=\"3e49332\" data-element_type=\"widget\" data-settings=\"{&quot;classic_columns&quot;:&quot;4&quot;,&quot;pagination_type&quot;:&quot;load_more_infinite_scroll&quot;,&quot;classic_columns_tablet&quot;:&quot;2&quot;,&quot;classic_columns_mobile&quot;:&quot;1&quot;,&quot;classic_row_gap&quot;:{&quot;unit&quot;:&quot;px&quot;,&quot;size&quot;:35,&quot;sizes&quot;:[]},&quot;classic_row_gap_tablet&quot;:{&quot;unit&quot;:&quot;px&quot;,&quot;size&quot;:&quot;&quot;,&quot;sizes&quot;:[]},&quot;classic_row_gap_mobile&quot;:{&quot;unit&quot;:&quot;px&quot;,&quot;size&quot;:&quot;&quot;,&quot;sizes&quot;:[]},&quot;load_more_spinner&quot;:{&quot;value&quot;:&quot;fas fa-spinner&quot;,&quot;library&quot;:&quot;fa-solid&quot;}}\" data-widget_type=\"posts.classic\">\n\t\t\t\t<div class=\"elementor-widget-container\">\n\t\t\t\t\t\t\t<div class=\"elementor-posts-container elementor-posts elementor-posts--skin-classic elementor-grid\">\n\t\t\t\t<article class=\"elementor-post elementor-grid-item post-650 post type-post status-publish format-standard has-post-thumbnail hentry category-news entry has-media\">\n\t\t\t\t<a class=\"elementor-post__thumbnail__link\" href=\"https:\/\/okamoto-europe.de\/es\/flat-grinder\/\" tabindex=\"-1\" >\n\t\t\t<div class=\"elementor-post__thumbnail\"><img fetchpriority=\"high\" decoding=\"async\" width=\"300\" height=\"273\" src=\"https:\/\/okamoto-europe.de\/wp-content\/uploads\/2020\/01\/image-300x273.png\" class=\"attachment-medium size-medium wp-image-1589\" alt=\"\" srcset=\"https:\/\/okamoto-europe.de\/wp-content\/uploads\/2020\/01\/image-300x273.png 300w, https:\/\/okamoto-europe.de\/wp-content\/uploads\/2020\/01\/image-1024x933.png 1024w, https:\/\/okamoto-europe.de\/wp-content\/uploads\/2020\/01\/image-768x700.png 768w, https:\/\/okamoto-europe.de\/wp-content\/uploads\/2020\/01\/image-1536x1400.png 1536w, https:\/\/okamoto-europe.de\/wp-content\/uploads\/2020\/01\/image-13x12.png 13w, https:\/\/okamoto-europe.de\/wp-content\/uploads\/2020\/01\/image.png 2048w\" sizes=\"(max-width: 300px) 100vw, 300px\" \/><\/div>\n\t\t<\/a>\n\t\t\t\t<div class=\"elementor-post__text\">\n\t\t\t\t<h3 class=\"elementor-post__title\">\n\t\t\t<a href=\"https:\/\/okamoto-europe.de\/es\/flat-grinder\/\" >\n\t\t\t\tFLAT GRINDER EVEN MORE PRECISE AND ENERGY EFFICIENT AFTER UPGRADE\t\t\t<\/a>\n\t\t<\/h3>\n\t\t\t\t<div class=\"elementor-post__meta-data\">\n\t\t\t\t\t<span class=\"elementor-post-date\">\n\t\t\tagosto 12, 2025\t\t<\/span>\n\t\t\t\t<\/div>\n\t\t\t\t<div class=\"elementor-post__excerpt\">\n\t\t\t<p>ACC42SA-iQ With the ACC42-SAiQ CNC surface and profile grinding machine, grinding machine manufacturer Okamoto has successfully launched a powerful and compact cross-table machine solution for flexible, universal use in tool and mold making, for both single-part and series production. Now, Okamoto presents the next development stage of this versatile machine:<\/p>\n\t\t<\/div>\n\t\t\n\t\t<a class=\"elementor-post__read-more\" href=\"https:\/\/okamoto-europe.de\/es\/flat-grinder\/\" aria-label=\"M\u00e1s informaci\u00f3n sobre FLAT GRINDER EVEN MORE PRECISE AND ENERGY EFFICIENT AFTER UPGRADE\" tabindex=\"-1\" >\n\t\t\tRead More\t\t<\/a>\n\n\t\t\t\t<\/div>\n\t\t\t\t<\/article>\n\t\t\t\t<article class=\"elementor-post elementor-grid-item post-688 post type-post status-publish format-standard has-post-thumbnail hentry category-events entry has-media\">\n\t\t\t\t<a class=\"elementor-post__thumbnail__link\" href=\"https:\/\/okamoto-europe.de\/es\/news-psg-caiq\/\" tabindex=\"-1\" >\n\t\t\t<div class=\"elementor-post__thumbnail\"><img decoding=\"async\" width=\"300\" height=\"202\" src=\"https:\/\/okamoto-europe.de\/wp-content\/uploads\/2024\/11\/8081.PSG_-300x202.jpg\" class=\"attachment-medium size-medium wp-image-1580\" alt=\"\" srcset=\"https:\/\/okamoto-europe.de\/wp-content\/uploads\/2024\/11\/8081.PSG_-300x202.jpg 300w, https:\/\/okamoto-europe.de\/wp-content\/uploads\/2024\/11\/8081.PSG_-1024x688.jpg 1024w, https:\/\/okamoto-europe.de\/wp-content\/uploads\/2024\/11\/8081.PSG_-768x516.jpg 768w, https:\/\/okamoto-europe.de\/wp-content\/uploads\/2024\/11\/8081.PSG_-1536x1032.jpg 1536w, https:\/\/okamoto-europe.de\/wp-content\/uploads\/2024\/11\/8081.PSG_-18x12.jpg 18w, https:\/\/okamoto-europe.de\/wp-content\/uploads\/2024\/11\/8081.PSG_.jpg 1890w\" sizes=\"(max-width: 300px) 100vw, 300px\" \/><\/div>\n\t\t<\/a>\n\t\t\t\t<div class=\"elementor-post__text\">\n\t\t\t\t<h3 class=\"elementor-post__title\">\n\t\t\t<a href=\"https:\/\/okamoto-europe.de\/es\/news-psg-caiq\/\" >\n\t\t\t\tPSG CAiQ\t\t\t<\/a>\n\t\t<\/h3>\n\t\t\t\t<div class=\"elementor-post__meta-data\">\n\t\t\t\t\t<span class=\"elementor-post-date\">\n\t\t\tnoviembre 13, 2024\t\t<\/span>\n\t\t\t\t<\/div>\n\t\t\t\t<div class=\"elementor-post__excerpt\">\n\t\t\t<p>The new PSG CAiQ series surface grinding machines complement the successful ACC-CAiQ machine series. Whether in the aerospace, automotive, mechanical engineering, or medical and electronics industries \u2013 superior surface finishes in component grinding, as well as speed, sustainability, and cost-effectiveness, are crucial factors that users demand. Grinding machine manufacturer Okamoto<\/p>\n\t\t<\/div>\n\t\t\n\t\t<a class=\"elementor-post__read-more\" href=\"https:\/\/okamoto-europe.de\/es\/news-psg-caiq\/\" aria-label=\"M\u00e1s informaci\u00f3n sobre PSG CAiQ\" tabindex=\"-1\" >\n\t\t\tRead More\t\t<\/a>\n\n\t\t\t\t<\/div>\n\t\t\t\t<\/article>\n\t\t\t\t<article class=\"elementor-post elementor-grid-item post-642 post type-post status-publish format-standard has-post-thumbnail hentry category-news entry has-media\">\n\t\t\t\t<a class=\"elementor-post__thumbnail__link\" href=\"https:\/\/okamoto-europe.de\/es\/european-launch-for-3-new-larger-capacity-okamoto-precision-surface-grinders\/\" tabindex=\"-1\" >\n\t\t\t<div class=\"elementor-post__thumbnail\"><img decoding=\"async\" width=\"300\" height=\"169\" src=\"https:\/\/okamoto-europe.de\/wp-content\/uploads\/2025\/11\/Okamoto-Grinder-300x169.webp\" class=\"attachment-medium size-medium wp-image-7\" alt=\"\" srcset=\"https:\/\/okamoto-europe.de\/wp-content\/uploads\/2025\/11\/Okamoto-Grinder-300x169.webp 300w, https:\/\/okamoto-europe.de\/wp-content\/uploads\/2025\/11\/Okamoto-Grinder-1024x576.webp 1024w, https:\/\/okamoto-europe.de\/wp-content\/uploads\/2025\/11\/Okamoto-Grinder-768x432.webp 768w, https:\/\/okamoto-europe.de\/wp-content\/uploads\/2025\/11\/Okamoto-Grinder-1536x864.webp 1536w, https:\/\/okamoto-europe.de\/wp-content\/uploads\/2025\/11\/Okamoto-Grinder.webp 1920w\" sizes=\"(max-width: 300px) 100vw, 300px\" \/><\/div>\n\t\t<\/a>\n\t\t\t\t<div class=\"elementor-post__text\">\n\t\t\t\t<h3 class=\"elementor-post__title\">\n\t\t\t<a href=\"https:\/\/okamoto-europe.de\/es\/european-launch-for-3-new-larger-capacity-okamoto-precision-surface-grinders\/\" >\n\t\t\t\tEuropean launch for 3 New larger capacity Okamoto Precision surface grinders\t\t\t<\/a>\n\t\t<\/h3>\n\t\t\t\t<div class=\"elementor-post__meta-data\">\n\t\t\t\t\t<span class=\"elementor-post-date\">\n\t\t\tseptiembre 10, 2024\t\t<\/span>\n\t\t\t\t<\/div>\n\t\t\t\t<div class=\"elementor-post__excerpt\">\n\t\t\t<p>At the Hannover EMO 2023 in Hall 11 Stand E65, Okamoto proudly presents a new addition to the ACC-CAiQ Series. The ACC-CAiQ range with sizes from 600\u00d7400 up to 1000\u00d7600 has been extended with the addition of 3 new larger heavy duty sizes, the PSG-126CAiQ with a size of 1200\u00d7600,<\/p>\n\t\t<\/div>\n\t\t\n\t\t<a class=\"elementor-post__read-more\" href=\"https:\/\/okamoto-europe.de\/es\/european-launch-for-3-new-larger-capacity-okamoto-precision-surface-grinders\/\" aria-label=\"M\u00e1s informaci\u00f3n sobre European launch for 3 New larger capacity Okamoto Precision surface grinders\" tabindex=\"-1\" >\n\t\t\tRead More\t\t<\/a>\n\n\t\t\t\t<\/div>\n\t\t\t\t<\/article>\n\t\t\t\t<article class=\"elementor-post elementor-grid-item post-648 post type-post status-publish format-standard has-post-thumbnail hentry category-events entry has-media\">\n\t\t\t\t<a class=\"elementor-post__thumbnail__link\" href=\"https:\/\/okamoto-europe.de\/es\/linear-technology\/\" tabindex=\"-1\" >\n\t\t\t<div class=\"elementor-post__thumbnail\"><img loading=\"lazy\" decoding=\"async\" width=\"300\" height=\"300\" src=\"https:\/\/okamoto-europe.de\/wp-content\/uploads\/2025\/12\/UPZ-210-Lill-2-placeholder-300x300.webp\" class=\"attachment-medium size-medium wp-image-490\" alt=\"\" \/><\/div>\n\t\t<\/a>\n\t\t\t\t<div class=\"elementor-post__text\">\n\t\t\t\t<h3 class=\"elementor-post__title\">\n\t\t\t<a href=\"https:\/\/okamoto-europe.de\/es\/linear-technology\/\" >\n\t\t\t\tLinear technology sets the pace\t\t\t<\/a>\n\t\t<\/h3>\n\t\t\t\t<div class=\"elementor-post__meta-data\">\n\t\t\t\t\t<span class=\"elementor-post-date\">\n\t\t\tjulio 25, 2023\t\t<\/span>\n\t\t\t\t<\/div>\n\t\t\t\t<div class=\"elementor-post__excerpt\">\n\t\t\t<p>With the UPZ 210LiII series, OKAMOTO provides high-precision CNC high-speed machines with linear motor drive, which, thanks to their technical details, optimally meet the high demands of manufacturers in various industries for excellent dimensional and contour accuracy. In micro-profile manufacturing, absolute precision is paramount. The slightest deviations outside defined tolerances<\/p>\n\t\t<\/div>\n\t\t\n\t\t<a class=\"elementor-post__read-more\" href=\"https:\/\/okamoto-europe.de\/es\/linear-technology\/\" aria-label=\"M\u00e1s informaci\u00f3n sobre Linear technology sets the pace\" tabindex=\"-1\" >\n\t\t\tRead More\t\t<\/a>\n\n\t\t\t\t<\/div>\n\t\t\t\t<\/article>\n\t\t\t\t<\/div>\n\t\t\t\t\t<span class=\"e-load-more-spinner\">\n\t\t\t\t<svg aria-hidden=\"true\" class=\"e-font-icon-svg e-fas-spinner\" viewBox=\"0 0 512 512\" xmlns=\"http:\/\/www.w3.org\/2000\/svg\"><path d=\"M304 48c0 26.51-21.49 48-48 48s-48-21.49-48-48 21.49-48 48-48 48 21.49 48 48zm-48 368c-26.51 0-48 21.49-48 48s21.49 48 48 48 48-21.49 48-48-21.49-48-48-48zm208-208c-26.51 0-48 21.49-48 48s21.49 48 48 48 48-21.49 48-48-21.49-48-48-48zM96 256c0-26.51-21.49-48-48-48S0 229.49 0 256s21.49 48 48 48 48-21.49 48-48zm12.922 99.078c-26.51 0-48 21.49-48 48s21.49 48 48 48 48-21.49 48-48c0-26.509-21.491-48-48-48zm294.156 0c-26.51 0-48 21.49-48 48s21.49 48 48 48 48-21.49 48-48c0-26.509-21.49-48-48-48zM108.922 60.922c-26.51 0-48 21.49-48 48s21.49 48 48 48 48-21.49 48-48-21.491-48-48-48z\"><\/path><\/svg>\t\t\t<\/span>\n\t\t\n\t\t\t\t\t\t<\/div>\n\t\t\t\t<\/div>\n\t\t\t\t\t<\/div>\n\t\t\t\t<\/div>\n\t\t\t\t<\/div>\n\t\t","protected":false},"excerpt":{"rendered":"<p>News &amp; Events Explore the latest innovations in CNC grinding. From high-precision machine solutions to cutting-edge technologies and industry updates, stay connected to the future of surface and profile grinding.<\/p>","protected":false},"author":1,"featured_media":0,"parent":0,"menu_order":0,"comment_status":"closed","ping_status":"closed","template":"","meta":{"_acf_changed":false,"ocean_post_layout":"full-screen","ocean_both_sidebars_style":"","ocean_both_sidebars_content_width":0,"ocean_both_sidebars_sidebars_width":0,"ocean_sidebar":"","ocean_second_sidebar":"","ocean_disable_margins":"enable","ocean_add_body_class":"","ocean_shortcode_before_top_bar":"","ocean_shortcode_after_top_bar":"","ocean_shortcode_before_header":"","ocean_shortcode_after_header":"","ocean_has_shortcode":"","ocean_shortcode_after_title":"","ocean_shortcode_before_footer_widgets":"","ocean_shortcode_after_footer_widgets":"","ocean_shortcode_before_footer_bottom":"","ocean_shortcode_after_footer_bottom":"","ocean_display_top_bar":"default","ocean_display_header":"default","ocean_header_style":"","ocean_center_header_left_menu":"","ocean_custom_header_template":"","ocean_custom_logo":0,"ocean_custom_retina_logo":0,"ocean_custom_logo_max_width":0,"ocean_custom_logo_tablet_max_width":0,"ocean_custom_logo_mobile_max_width":0,"ocean_custom_logo_max_height":0,"ocean_custom_logo_tablet_max_height":0,"ocean_custom_logo_mobile_max_height":0,"ocean_header_custom_menu":"","ocean_menu_typo_font_family":"","ocean_menu_typo_font_subset":"","ocean_menu_typo_font_size":0,"ocean_menu_typo_font_size_tablet":0,"ocean_menu_typo_font_size_mobile":0,"ocean_menu_typo_font_size_unit":"px","ocean_menu_typo_font_weight":"","ocean_menu_typo_font_weight_tablet":"","ocean_menu_typo_font_weight_mobile":"","ocean_menu_typo_transform":"","ocean_menu_typo_transform_tablet":"","ocean_menu_typo_transform_mobile":"","ocean_menu_typo_line_height":0,"ocean_menu_typo_line_height_tablet":0,"ocean_menu_typo_line_height_mobile":0,"ocean_menu_typo_line_height_unit":"","ocean_menu_typo_spacing":0,"ocean_menu_typo_spacing_tablet":0,"ocean_menu_typo_spacing_mobile":0,"ocean_menu_typo_spacing_unit":"","ocean_menu_link_color":"","ocean_menu_link_color_hover":"","ocean_menu_link_color_active":"","ocean_menu_link_background":"","ocean_menu_link_hover_background":"","ocean_menu_link_active_background":"","ocean_menu_social_links_bg":"","ocean_menu_social_hover_links_bg":"","ocean_menu_social_links_color":"","ocean_menu_social_hover_links_color":"","ocean_disable_title":"default","ocean_disable_heading":"default","ocean_post_title":"","ocean_post_subheading":"","ocean_post_title_style":"","ocean_post_title_background_color":"","ocean_post_title_background":0,"ocean_post_title_bg_image_position":"","ocean_post_title_bg_image_attachment":"","ocean_post_title_bg_image_repeat":"","ocean_post_title_bg_image_size":"","ocean_post_title_height":0,"ocean_post_title_bg_overlay":0.5,"ocean_post_title_bg_overlay_color":"","ocean_disable_breadcrumbs":"default","ocean_breadcrumbs_color":"","ocean_breadcrumbs_separator_color":"","ocean_breadcrumbs_links_color":"","ocean_breadcrumbs_links_hover_color":"","ocean_display_footer_widgets":"default","ocean_display_footer_bottom":"default","ocean_custom_footer_template":"","footnotes":""},"class_list":["post-740","page","type-page","status-publish","hentry","entry","has-media"],"acf":[],"_links":{"self":[{"href":"https:\/\/okamoto-europe.de\/es\/wp-json\/wp\/v2\/pages\/740","targetHints":{"allow":["GET"]}}],"collection":[{"href":"https:\/\/okamoto-europe.de\/es\/wp-json\/wp\/v2\/pages"}],"about":[{"href":"https:\/\/okamoto-europe.de\/es\/wp-json\/wp\/v2\/types\/page"}],"author":[{"embeddable":true,"href":"https:\/\/okamoto-europe.de\/es\/wp-json\/wp\/v2\/users\/1"}],"replies":[{"embeddable":true,"href":"https:\/\/okamoto-europe.de\/es\/wp-json\/wp\/v2\/comments?post=740"}],"version-history":[{"count":33,"href":"https:\/\/okamoto-europe.de\/es\/wp-json\/wp\/v2\/pages\/740\/revisions"}],"predecessor-version":[{"id":1563,"href":"https:\/\/okamoto-europe.de\/es\/wp-json\/wp\/v2\/pages\/740\/revisions\/1563"}],"wp:attachment":[{"href":"https:\/\/okamoto-europe.de\/es\/wp-json\/wp\/v2\/media?parent=740"}],"curies":[{"name":"wp","href":"https:\/\/api.w.org\/{rel}","templated":true}]}}